{"id":2462,"date":"2024-11-14T15:01:44","date_gmt":"2024-11-14T15:01:44","guid":{"rendered":"https:\/\/j-energy.al\/?page_id=2462"},"modified":"2024-11-15T08:53:10","modified_gmt":"2024-11-15T08:53:10","slug":"projects","status":"publish","type":"page","link":"https:\/\/j-energy.al\/sq\/projects\/","title":{"rendered":"Projekte"},"content":{"rendered":"<div class=\"wp-block-uagb-container uagb-block-a8606d6e alignfull uagb-is-root-container\"><div class=\"uagb-container-inner-blocks-wrap\">\n<div class=\"wp-block-uagb-info-box uagb-block-614c16d2 uagb-infobox__content-wrap  uagb-infobox-icon-above-title uagb-infobox-image-valign-top\"><div class=\"uagb-ifb-content\"><div class=\"uagb-ifb-title-wrap\"><h1 class=\"uagb-ifb-title-prefix\">Projekte<\/h1><h4 class=\"uagb-ifb-title\">Mbi nj\u00eb dekad\u00eb ekspertiz\u00eb inxhinierike <\/h4><\/div><p class=\"uagb-ifb-desc\">J-ENERGY ka ekzekutuar me sukses nj\u00eb gam\u00eb t\u00eb gjer\u00eb projektesh, duke p\u00ebrfshir\u00eb instalimet e impianteve fotovoltaike, zhvillimet e n\u00ebnstacioneve, furnizimin me energji t\u00eb tensionit t\u00eb lart\u00eb dhe t\u00eb mes\u00ebm dhe projektimin e infrastruktur\u00ebs elektrike.<\/p><\/div><\/div>\n<\/div><\/div>\n\n\n\n<div class=\"wp-block-uagb-container uagb-block-ykqtlxkp alignfull uagb-is-root-container\"><div class=\"uagb-container-inner-blocks-wrap\">\n<div class=\"wp-block-uagb-info-box uagb-block-igf7i6dy uagb-infobox__content-wrap  uagb-infobox-icon-above-title uagb-infobox-image-valign-top\"><div class=\"uagb-ifb-content\"><div class=\"uagb-ifb-title-wrap\"><h2 class=\"uagb-ifb-title\">Disa nga projektet e fundit<\/h2><\/div><p class=\"uagb-ifb-desc\">Eksploroni arritjet dhe risit\u00eb tona m\u00eb t\u00eb fundit n\u00eb list\u00ebn ton\u00eb t\u00eb projekteve t\u00eb fundit, ku ne krenohemi me pun\u00ebn ton\u00eb.<\/p><\/div><\/div>\n\n\n\n<div class=\"wp-block-uagb-container uagb-block-kklt3itd\">\n<div class=\"wp-block-uagb-container uagb-block-lnb5jaui\">\n<div class=\"wp-block-uagb-image uagb-block-jjhojecn wp-block-uagb-image--layout-default wp-block-uagb-image--effect-static wp-block-uagb-image--align-none\"><figure class=\"wp-block-uagb-image__figure\"><img decoding=\"async\" srcset=\"https:\/\/websitedemos.net\/wp-content\/uploads\/2023\/09\/portfolio-01.jpg ,https:\/\/websitedemos.net\/wp-content\/uploads\/2023\/09\/portfolio-01.jpg 780w, https:\/\/websitedemos.net\/wp-content\/uploads\/2023\/09\/portfolio-01.jpg 360w\" sizes=\"auto, (max-width: 480px) 150px\" src=\"https:\/\/websitedemos.net\/wp-content\/uploads\/2023\/09\/portfolio-01.jpg\" alt=\"\" class=\"uag-image-77113\" width=\"384\" height=\"480\" title=\"\" loading=\"lazy\" role=\"img\"\/><\/figure><\/div>\n\n\n\n<div class=\"wp-block-uagb-info-box uagb-block-42o6lhpi uagb-infobox__content-wrap  uagb-infobox-icon-above-title uagb-infobox-image-valign-top\"><div class=\"uagb-ifb-content\"><div class=\"uagb-ifb-title-wrap\"><p class=\"uagb-ifb-title-prefix\">Highlighted Project 1<\/p><h3 class=\"uagb-ifb-title\">Web Development Success<\/h3><\/div><\/div><\/div>\n<\/div>\n\n\n\n<div class=\"wp-block-uagb-container uagb-block-qmimyta2\">\n<div class=\"wp-block-uagb-image alignleft uagb-block-yv9u5jey wp-block-uagb-image--layout-default wp-block-uagb-image--effect-static wp-block-uagb-image--align-left\"><figure class=\"wp-block-uagb-image__figure\"><img decoding=\"async\" srcset=\"https:\/\/websitedemos.net\/wp-content\/uploads\/2023\/09\/portfolio-02.jpg ,https:\/\/websitedemos.net\/wp-content\/uploads\/2023\/09\/portfolio-02.jpg 780w, https:\/\/websitedemos.net\/wp-content\/uploads\/2023\/09\/portfolio-02.jpg 360w\" sizes=\"auto, (max-width: 480px) 150px\" src=\"https:\/\/websitedemos.net\/wp-content\/uploads\/2023\/09\/portfolio-02.jpg\" alt=\"\" class=\"uag-image-77114\" width=\"384\" height=\"480\" title=\"\" loading=\"lazy\" role=\"img\"\/><\/figure><\/div>\n\n\n\n<div class=\"wp-block-uagb-info-box uagb-block-lg04fyle uagb-infobox__content-wrap  uagb-infobox-icon-above-title uagb-infobox-image-valign-top\"><div class=\"uagb-ifb-content\"><div class=\"uagb-ifb-title-wrap\"><p class=\"uagb-ifb-title-prefix\">Highlighted Project 2<\/p><h3 class=\"uagb-ifb-title\">Branding and Identity Revamp<\/h3><\/div><\/div><\/div>\n<\/div>\n\n\n\n<div class=\"wp-block-uagb-container uagb-block-ud5gk6zb\">\n<div class=\"wp-block-uagb-image alignleft uagb-block-dlwn1urq wp-block-uagb-image--layout-default wp-block-uagb-image--effect-static wp-block-uagb-image--align-left\"><figure class=\"wp-block-uagb-image__figure\"><img decoding=\"async\" srcset=\"https:\/\/websitedemos.net\/wp-content\/uploads\/2023\/09\/portfolio-03.jpg ,https:\/\/websitedemos.net\/wp-content\/uploads\/2023\/09\/portfolio-03.jpg 780w, https:\/\/websitedemos.net\/wp-content\/uploads\/2023\/09\/portfolio-03.jpg 360w\" sizes=\"auto, (max-width: 480px) 150px\" src=\"https:\/\/websitedemos.net\/wp-content\/uploads\/2023\/09\/portfolio-03.jpg\" alt=\"\" class=\"uag-image-77115\" width=\"384\" height=\"480\" title=\"\" loading=\"lazy\" role=\"img\"\/><\/figure><\/div>\n\n\n\n<div class=\"wp-block-uagb-info-box uagb-block-cnnmwqr6 uagb-infobox__content-wrap  uagb-infobox-icon-above-title uagb-infobox-image-valign-top\"><div class=\"uagb-ifb-content\"><div class=\"uagb-ifb-title-wrap\"><p class=\"uagb-ifb-title-prefix\">Highlighted Project 3<\/p><h3 class=\"uagb-ifb-title\">Marketing Campaign Highlights<\/h3><\/div><\/div><\/div>\n<\/div>\n<\/div>\n<\/div><\/div>\n\n\n\n<p><\/p>","protected":false},"excerpt":{"rendered":"","protected":false},"author":1,"featured_media":0,"parent":0,"menu_order":0,"comment_status":"closed","ping_status":"closed","template":"","meta":{"_uag_custom_page_level_css":"","site-sidebar-layout":"no-sidebar","site-content-layout":"","ast-site-content-layout":"full-width-container","site-content-style":"unboxed","site-sidebar-style":"default","ast-global-header-display":"","ast-banner-title-visibility":"","ast-main-header-display":"","ast-hfb-above-header-display":"","ast-hfb-below-header-display":"","ast-hfb-mobile-header-display":"","site-post-title":"disabled","ast-breadcrumbs-content":"","ast-featured-img":"","footer-sml-layout":"","theme-transparent-header-meta":"enabled","adv-header-id-meta":"","stick-header-meta":"","header-above-stick-meta":"","header-main-stick-meta":"","header-below-stick-meta":"","astra-migrate-meta-layouts":"set","ast-page-background-enabled":"default","ast-page-background-meta":{"desktop":{"background-color":"","background-image":"","background-repeat":"repeat","background-position":"center center","background-size":"auto","background-attachment":"scroll","background-type":"","background-media":"","overlay-type":"","overlay-color":"","overlay-opacity":"","overlay-gradient":""},"tablet":{"background-color":"","background-image":"","background-repeat":"repeat","background-position":"center center","background-size":"auto","background-attachment":"scroll","background-type":"","background-media":"","overlay-type":"","overlay-color":"","overlay-opacity":"","overlay-gradient":""},"mobile":{"background-color":"","background-image":"","background-repeat":"repeat","background-position":"center center","background-size":"auto","background-attachment":"scroll","background-type":"","background-media":"","overlay-type":"","overlay-color":"","overlay-opacity":"","overlay-gradient":""}},"ast-content-background-meta":{"desktop":{"background-color":"var(--ast-global-color-5)","background-image":"","background-repeat":"repeat","background-position":"center center","background-size":"auto","background-attachment":"scroll","background-type":"","background-media":"","overlay-type":"","overlay-color":"","overlay-opacity":"","overlay-gradient":""},"tablet":{"background-color":"var(--ast-global-color-5)","background-image":"","background-repeat":"repeat","background-position":"center center","background-size":"auto","background-attachment":"scroll","background-type":"","background-media":"","overlay-type":"","overlay-color":"","overlay-opacity":"","overlay-gradient":""},"mobile":{"background-color":"var(--ast-global-color-5)","background-image":"","background-repeat":"repeat","background-position":"center center","background-size":"auto","background-attachment":"scroll","background-type":"","background-media":"","overlay-type":"","overlay-color":"","overlay-opacity":"","overlay-gradient":""}},"footnotes":""},"class_list":["post-2462","page","type-page","status-publish","hentry"],"uagb_featured_image_src":{"full":false,"thumbnail":false,"medium":false,"medium_large":false,"large":false,"1536x1536":false,"2048x2048":false,"trp-custom-language-flag":false},"uagb_author_info":{"display_name":"admin","author_link":"https:\/\/j-energy.al\/sq\/author\/admin\/"},"uagb_comment_info":0,"uagb_excerpt":null,"_links":{"self":[{"href":"https:\/\/j-energy.al\/sq\/wp-json\/wp\/v2\/pages\/2462","targetHints":{"allow":["GET"]}}],"collection":[{"href":"https:\/\/j-energy.al\/sq\/wp-json\/wp\/v2\/pages"}],"about":[{"href":"https:\/\/j-energy.al\/sq\/wp-json\/wp\/v2\/types\/page"}],"author":[{"embeddable":true,"href":"https:\/\/j-energy.al\/sq\/wp-json\/wp\/v2\/users\/1"}],"replies":[{"embeddable":true,"href":"https:\/\/j-energy.al\/sq\/wp-json\/wp\/v2\/comments?post=2462"}],"version-history":[{"count":7,"href":"https:\/\/j-energy.al\/sq\/wp-json\/wp\/v2\/pages\/2462\/revisions"}],"predecessor-version":[{"id":2476,"href":"https:\/\/j-energy.al\/sq\/wp-json\/wp\/v2\/pages\/2462\/revisions\/2476"}],"wp:attachment":[{"href":"https:\/\/j-energy.al\/sq\/wp-json\/wp\/v2\/media?parent=2462"}],"curies":[{"name":"wp","href":"https:\/\/api.w.org\/{rel}","templated":true}]}}