{"id":1490,"date":"2024-11-05T12:23:02","date_gmt":"2024-11-05T12:23:02","guid":{"rendered":"https:\/\/j-energy.al\/about-3\/"},"modified":"2024-11-19T11:05:43","modified_gmt":"2024-11-19T11:05:43","slug":"about","status":"publish","type":"page","link":"https:\/\/j-energy.al\/sq\/about\/","title":{"rendered":"Rreth Nesh"},"content":{"rendered":"<div class=\"wp-block-uagb-container uagb-block-78fbda14 alignfull uagb-is-root-container\"><div class=\"uagb-container-inner-blocks-wrap\">\n<div class=\"wp-block-uagb-info-box uagb-block-38b626f9 uagb-infobox__content-wrap  uagb-infobox-icon-above-title uagb-infobox-image-valign-top\"><div class=\"uagb-ifb-content\"><div class=\"uagb-ifb-title-wrap\"><h1 class=\"uagb-ifb-title-prefix\">Rreth Nesh<\/h1><h4 class=\"uagb-ifb-title\">Lider i besuesh\u00ebm n\u00eb sektorin e energjis\u00eb!<\/h4><\/div><p class=\"uagb-ifb-desc\">Ekipi yn\u00eb i inxhinier\u00ebve t\u00eb aft\u00eb sjell mbi nj\u00eb dekad\u00eb p\u00ebrvoj\u00eb, duke siguruar q\u00eb \u00e7do projekt t\u00eb zbatohet me sakt\u00ebsi dhe efikasitet.<\/p><\/div><\/div>\n<\/div><\/div>\n\n\n\n<div class=\"wp-block-uagb-container uagb-block-0682ea1d alignfull uagb-is-root-container\"><div class=\"uagb-container-inner-blocks-wrap\">\n<div class=\"wp-block-uagb-container uagb-block-d904cbea\">\n<div class=\"wp-block-uagb-container uagb-block-37158dbe\">\n<div class=\"wp-block-uagb-info-box uagb-block-1d62cba7 uagb-infobox__content-wrap  uagb-infobox-icon-above-title uagb-infobox-image-valign-top\"><div class=\"uagb-ifb-content\"><div class=\"uagb-ifb-title-wrap\"><div class=\"uagb-ifb-separator\"><\/div><h3 class=\"uagb-ifb-title\">Kush Jemi<\/h3><\/div><p class=\"uagb-ifb-desc\">Nj\u00eb ofrues lider i zgjidhjeve t\u00eb sistemeve energjitike, i specializuar n\u00eb inxhinierin\u00eb elektrike. Me mbi 10 vjet p\u00ebrvoj\u00eb n\u00eb industri, ekipi yn\u00eb i p\u00ebrkushtuar i inxhinier\u00ebve dhe profesionist\u00ebve ofron zgjidhje t\u00eb besueshme, t\u00eb q\u00ebndrueshme dhe inovative.<\/p><\/div><\/div>\n<\/div>\n\n\n\n<div class=\"wp-block-uagb-container uagb-block-75bd7c61\">\n<div class=\"wp-block-uagb-info-box uagb-block-4eb4800b uagb-infobox__content-wrap  uagb-infobox-icon-above-title uagb-infobox-image-valign-top\"><div class=\"uagb-ifb-content\"><div class=\"uagb-ifb-title-wrap\"><div class=\"uagb-ifb-separator\"><\/div><h3 class=\"uagb-ifb-title\">Misioni Yn\u00eb<\/h3><\/div><p class=\"uagb-ifb-desc\">Misioni yn\u00eb \u00ebsht\u00eb t\u00eb ofrojm\u00eb zgjidhje novatore, t\u00eb q\u00ebndrueshme dhe t\u00eb besueshme energjetike q\u00eb fuqizojn\u00eb bizneset dhe komunitetet. Ne p\u00ebrpiqemi t\u00eb udh\u00ebheqim n\u00eb sektorin e energjis\u00eb duke ofruar kontribut ekspert\u00ebsh dhe teknologji t\u00eb avancuara.<\/p><\/div><\/div>\n<\/div>\n\n\n\n<div class=\"wp-block-uagb-container uagb-block-bb6ae8ac\">\n<div class=\"wp-block-uagb-info-box uagb-block-4f0b567b uagb-infobox__content-wrap  uagb-infobox-icon-above-title uagb-infobox-image-valign-top\"><div class=\"uagb-ifb-content\"><div class=\"uagb-ifb-title-wrap\"><div class=\"uagb-ifb-separator\"><\/div><h3 class=\"uagb-ifb-title\">\u00c7far\u00eb Ne B\u00ebjm\u00eb<\/h3><\/div><\/div><\/div>\n\n\n\n<div class=\"wp-block-uagb-icon-list uagb-block-0df84fb5\"><div class=\"uagb-icon-list__wrap\">\n<div class=\"wp-block-uagb-icon-list-child uagb-block-e0950454\"><a target=\"_self\" aria-label=\"Inspektime Teknike\" rel=\"noopener noreferrer\" href=\"\/sq\/technical-inspections\/\"> <\/a><span class=\"uagb-icon-list__source-wrap\"><svg xmlns=\"https:\/\/www.w3.org\/2000\/svg\" viewbox=\"0 0 256 512\"><path d=\"M118.6 105.4l128 127.1C252.9 239.6 256 247.8 256 255.1s-3.125 16.38-9.375 22.63l-128 127.1c-9.156 9.156-22.91 11.9-34.88 6.943S64 396.9 64 383.1V128c0-12.94 7.781-24.62 19.75-29.58S109.5 96.23 118.6 105.4z\"><\/path><\/svg><\/span><span class=\"uagb-icon-list__label\">Inspektime Teknike<\/span><\/div>\n\n\n\n<div class=\"wp-block-uagb-icon-list-child uagb-block-110e683d\"><a target=\"_self\" aria-label=\"Impiante Fotovoltaike\" rel=\"noopener noreferrer\" href=\"\/sq\/power-plant-developments\/\"> <\/a><span class=\"uagb-icon-list__source-wrap\"><svg xmlns=\"https:\/\/www.w3.org\/2000\/svg\" viewbox=\"0 0 256 512\"><path d=\"M118.6 105.4l128 127.1C252.9 239.6 256 247.8 256 255.1s-3.125 16.38-9.375 22.63l-128 127.1c-9.156 9.156-22.91 11.9-34.88 6.943S64 396.9 64 383.1V128c0-12.94 7.781-24.62 19.75-29.58S109.5 96.23 118.6 105.4z\"><\/path><\/svg><\/span><span class=\"uagb-icon-list__label\">Impiante Fotovoltaike<\/span><\/div>\n\n\n\n<div class=\"wp-block-uagb-icon-list-child uagb-block-974a5bc0\"><a target=\"_self\" aria-label=\"Mirmbajtje rrjeti\" rel=\"noopener noreferrer\" href=\"\/sq\/grid-optimization-and-maintenance\/\"> <\/a><span class=\"uagb-icon-list__source-wrap\"><svg xmlns=\"https:\/\/www.w3.org\/2000\/svg\" viewbox=\"0 0 256 512\"><path d=\"M118.6 105.4l128 127.1C252.9 239.6 256 247.8 256 255.1s-3.125 16.38-9.375 22.63l-128 127.1c-9.156 9.156-22.91 11.9-34.88 6.943S64 396.9 64 383.1V128c0-12.94 7.781-24.62 19.75-29.58S109.5 96.23 118.6 105.4z\"><\/path><\/svg><\/span><span class=\"uagb-icon-list__label\">Mirmbajtje rrjeti<\/span><\/div>\n\n\n\n<div class=\"wp-block-uagb-icon-list-child uagb-block-21e9cff0\"><a target=\"_self\" aria-label=\"Energy Production &amp; Supply\" rel=\"noopener noreferrer\" href=\"\/sq\/energy-production-and-supply\/\"> <\/a><span class=\"uagb-icon-list__source-wrap\"><svg xmlns=\"https:\/\/www.w3.org\/2000\/svg\" viewbox=\"0 0 256 512\"><path d=\"M118.6 105.4l128 127.1C252.9 239.6 256 247.8 256 255.1s-3.125 16.38-9.375 22.63l-128 127.1c-9.156 9.156-22.91 11.9-34.88 6.943S64 396.9 64 383.1V128c0-12.94 7.781-24.62 19.75-29.58S109.5 96.23 118.6 105.4z\"><\/path><\/svg><\/span><span class=\"uagb-icon-list__label\">Prodhim &amp; Furnizim me Energji<\/span><\/div>\n\n\n\n<div class=\"wp-block-uagb-icon-list-child uagb-block-ede865c1\"><a target=\"_self\" aria-label=\"Projektim &amp; Zbatim\" rel=\"noopener noreferrer\" href=\"\/sq\/electrical-projects-design-and-engineering\/\"> <\/a><span class=\"uagb-icon-list__source-wrap\"><svg xmlns=\"https:\/\/www.w3.org\/2000\/svg\" viewbox=\"0 0 256 512\"><path d=\"M118.6 105.4l128 127.1C252.9 239.6 256 247.8 256 255.1s-3.125 16.38-9.375 22.63l-128 127.1c-9.156 9.156-22.91 11.9-34.88 6.943S64 396.9 64 383.1V128c0-12.94 7.781-24.62 19.75-29.58S109.5 96.23 118.6 105.4z\"><\/path><\/svg><\/span><span class=\"uagb-icon-list__label\">Projektim &amp; Zbatim<\/span><\/div>\n\n\n\n<div class=\"wp-block-uagb-icon-list-child uagb-block-4d39a588\"><a target=\"_self\" aria-label=\"Konsulenc\u00eb Teknike\" rel=\"noopener noreferrer\" href=\"\/sq\/consulting-in-electrical-fields\/\"> <\/a><span class=\"uagb-icon-list__source-wrap\"><svg xmlns=\"https:\/\/www.w3.org\/2000\/svg\" viewbox=\"0 0 256 512\"><path d=\"M118.6 105.4l128 127.1C252.9 239.6 256 247.8 256 255.1s-3.125 16.38-9.375 22.63l-128 127.1c-9.156 9.156-22.91 11.9-34.88 6.943S64 396.9 64 383.1V128c0-12.94 7.781-24.62 19.75-29.58S109.5 96.23 118.6 105.4z\"><\/path><\/svg><\/span><span class=\"uagb-icon-list__label\">Konsulenc\u00eb Teknike<\/span><\/div>\n<\/div><\/div>\n<\/div>\n<\/div>\n<\/div><\/div>\n\n\n\n<div class=\"wp-block-uagb-container uagb-block-4e055757 alignfull uagb-is-root-container\"><div class=\"uagb-container-inner-blocks-wrap\">\n<div class=\"wp-block-uagb-advanced-heading uagb-block-52e6f048\"><h2 class=\"uagb-heading-text\">P\u00ebrse J-Energy<\/h2><\/div>\n\n\n\n<p><br>T\u00eb zgjedh\u00ebsh J-ENERGY do t\u00eb thot\u00eb t\u00eb zgjedh\u00ebsh nj\u00eb kompani t\u00eb p\u00ebrkushtuar ndaj q\u00ebndrueshm\u00ebris\u00eb, besueshm\u00ebris\u00eb dhe k\u00ebnaq\u00ebsis\u00eb s\u00eb klientit. Zgjidhjet tona, t\u00eb mund\u00ebsuara nga teknologjia e fundit, ju mund\u00ebsojn\u00eb t\u00eb reduktoni kostot duke rritur stabilitetin dhe sigurin\u00eb, me ndikim minimal mjedisor. Ne krenohemi q\u00eb ofrojm\u00eb sh\u00ebrbime nga fillimi n\u00eb fund, nga konsultimet fillestare deri te zbatimi dhe mir\u00ebmbajtja e projektit. Me fokus n\u00eb nd\u00ebrtimin e mardh\u00ebnieve afatgjata, ne p\u00ebrpiqemi p\u00ebr t\u00eb kuptuar q\u00ebllimet dhe sfidat tuaja, dhe duke ofruar zgjidhje q\u00eb sjellin rezultate t\u00eb matshme.<\/p>\n<\/div><\/div>\n\n\n\n<div class=\"wp-block-uagb-container uagb-block-08240b0b default uagb-is-root-container\">\n<div class=\"wp-block-uagb-container uagb-block-9a2bac5c\">\n<div class=\"wp-block-uagb-advanced-heading uagb-block-137b0a32\"><h2 class=\"uagb-heading-text\">Historia Jon\u00eb<\/h2><\/div>\n\n\n\n<p>E themeluar n\u00eb vitin 2016, J-ENERGY filloi me nj\u00eb vizion p\u00ebr t\u00eb ofruar zgjidhje inovative dhe t\u00eb q\u00ebndrueshme energjetike p\u00ebr t\u00eb p\u00ebrmbushur nevojat n\u00eb zhvillim t\u00eb bizneseve dhe komuniteteve. <\/p>\n\n\n\n<p>Q\u00eb n\u00eb fillimet tona, ishim t\u00eb p\u00ebrkushtuar p\u00ebr t\u00eb kap\u00ebrcyer \u00e7do limit - duke ofruar projekte moderne inxhinierike elektrike dhe duke prezantuar zgjidhje t\u00eb energjis\u00eb s\u00eb rinovueshme q\u00eb fuqizuan bizneset t\u00eb reduktojn\u00eb kostot dhe t\u00eb p\u00ebrqafojn\u00eb nj\u00eb t\u00eb ardhme m\u00eb t\u00eb gjelb\u00ebr.<\/p>\n<\/div>\n\n\n\n<div class=\"wp-block-uagb-container uagb-block-2ee5f304\"><\/div>\n<\/div>\n\n\n\n<div class=\"wp-block-uagb-container uagb-block-17457b1f default uagb-is-root-container\">\n<div class=\"wp-block-uagb-container uagb-block-e63726cf\"><\/div>\n\n\n\n<div class=\"wp-block-uagb-container uagb-block-ece615ba\">\n<div class=\"wp-block-uagb-advanced-heading uagb-block-691c9d8b\"><h2 class=\"uagb-heading-text\">Rrug\u00ebtimi Yn\u00eb<\/h2><\/div>\n\n\n\n<p>Udh\u00ebtimi yn\u00eb filloi me nj\u00eb ekip t\u00eb vog\u00ebl, por t\u00eb p\u00ebrkushtuar inxhinier\u00ebsh profesionist\u00eb, t\u00eb cil\u00ebt ndan\u00eb nj\u00eb pasion p\u00ebr efikasitetin dhe sigurin\u00eb e energjis\u00eb. Me mbi nj\u00eb dekad\u00eb p\u00ebrvoj\u00eb n\u00eb industri, ekipi yn\u00eb shpejt krijoi nj\u00eb reputacion p\u00ebr p\u00ebrsosm\u00ebri, besueshm\u00ebri dhe p\u00ebrkushtim ndaj cil\u00ebsis\u00eb.<br><br>Nd\u00ebrsa ne u rrit\u00ebm, u rrit edhe portofoli yn\u00eb i sh\u00ebrbimeve. Ne ofrojm\u00eb nj\u00eb gam\u00eb t\u00eb gjer\u00eb zgjidhjesh, nga inspektimet e plota t\u00eb sistemeve elektrike dhe mekanike deri te projektimi dhe nd\u00ebrtimi i parqeve fotovoltaike dhe n\u00ebnstacioneve ebergjitike. <\/p>\n<\/div>\n<\/div>\n\n\n\n<div class=\"wp-block-uagb-container uagb-block-4dc8cdb9 alignfull uagb-is-root-container\"><div class=\"uagb-container-inner-blocks-wrap\">\n<div class=\"wp-block-uagb-container uagb-block-f844dda9\">\n<div class=\"wp-block-uagb-advanced-heading uagb-block-6717def3\"><h4 class=\"uagb-heading-text\">Disa Shifra<\/h4><p class=\"uagb-desc-text\">Gjeni disa t\u00eb dh\u00ebna q\u00eb p\u00ebrfaq\u00ebsojn\u00eb arritjet tona.<\/p><\/div>\n<\/div>\n\n\n\n<div class=\"wp-block-uagb-container uagb-layout-grid uagb-block-93831099\">\n<div class=\"wp-block-uagb-advanced-heading uagb-block-39617ae8\"><h2 class=\"uagb-heading-text\">87<\/h2><\/div>\n\n\n\n<div class=\"wp-block-uagb-advanced-heading uagb-block-eb867dff\"><h6 class=\"uagb-heading-text\"><strong>Klient\u00eb <\/strong><br><strong>T\u00eb k\u00ebnaqur<\/strong><\/h6><\/div>\n<\/div>\n\n\n\n<div class=\"wp-block-uagb-container uagb-layout-grid uagb-block-47fbacb7\">\n<div class=\"wp-block-uagb-advanced-heading uagb-block-9f1d8b26\"><h2 class=\"uagb-heading-text\">150<\/h2><\/div>\n\n\n\n<div class=\"wp-block-uagb-advanced-heading uagb-block-330e01e2\"><h6 class=\"uagb-heading-text\"><strong><strong>Projekte <\/strong><\/strong><br><strong><strong>t\u00eb P\u00ebrmbushura<\/strong><\/strong><\/h6><\/div>\n<\/div>\n\n\n\n<div class=\"wp-block-uagb-container uagb-layout-grid uagb-block-f6b4aaf0\">\n<div class=\"wp-block-uagb-advanced-heading uagb-block-93805e0c\"><h2 class=\"uagb-heading-text\">28<\/h2><\/div>\n\n\n\n<div class=\"wp-block-uagb-advanced-heading uagb-block-5fe24bc6\"><h6 class=\"uagb-heading-text\"><strong><strong>Vler\u00ebsime <\/strong><\/strong><br><strong><strong>t\u00eb Marra<\/strong><\/strong><\/h6><\/div>\n<\/div>\n\n\n\n<div class=\"wp-block-uagb-container uagb-layout-grid uagb-block-8aa43e19\">\n<div class=\"wp-block-uagb-advanced-heading uagb-block-039aacd0\"><h2 class=\"uagb-heading-text\">56K+<\/h2><\/div>\n\n\n\n<div class=\"wp-block-uagb-advanced-heading uagb-block-19e9dc33\"><h6 class=\"uagb-heading-text\">Linj\u00eb e Inspektuar<strong><strong>\u200b<\/strong><\/strong><\/h6><\/div>\n<\/div>\n<\/div><\/div>\n\n\n\n<div class=\"wp-block-uagb-container uagb-block-b997312a alignfull uagb-is-root-container\"><div class=\"uagb-container-inner-blocks-wrap\">\n<div class=\"wp-block-uagb-container uagb-layout-grid uagb-block-005fba1f\">\n<div class=\"wp-block-uagb-advanced-heading uagb-block-12865cae\"><h3 class=\"uagb-heading-text\">Gati t\u00eb startoni nj\u00eb projekt me ne?<\/h3><p class=\"uagb-desc-text\">Kontaktoni J-ENERGY p\u00ebr udh\u00ebzime t\u00eb ekspert\u00ebve, teknologji t\u00eb avancuar dhe zgjidhje t\u00eb q\u00ebndrueshme t\u00eb p\u00ebrshtatura p\u00ebr nevojat tuaja.<\/p><\/div>\n\n\n\n<div class=\"wp-block-uagb-buttons uagb-buttons__outer-wrap uagb-btn__default-btn uagb-btn-tablet__default-btn uagb-btn-mobile__default-btn uagb-block-2c953428\"><div class=\"uagb-buttons__wrap uagb-buttons-layout-wrap\">\n<div class=\"wp-block-uagb-buttons-child uagb-buttons__outer-wrap uagb-block-8bb4b826 wp-block-button\"><div class=\"uagb-button__wrapper\"><a class=\"uagb-buttons-repeater wp-block-button__link\" aria-label=\"\" href=\"\/sq\/contact\/\" rel=\"follow noopener\" target=\"_self\" role=\"button\"><div class=\"uagb-button__link\">Telefono Tani<\/div><\/a><\/div><\/div>\n<\/div><\/div>\n<\/div>\n<\/div><\/div>","protected":false},"excerpt":{"rendered":"<p>Why J-Energy Choosing J-ENERGY means choosing a company committed to sustainability, reliability, and client satisfaction. Our solutions, powered by cutting-edge technology, enable you to reduce costs by increasing stability and safety, with minimal environmental impact. We pride ourselves on offering end-to-end services, from initial consultations to project implementation and maintenance. With a focus on building [&hellip;]<\/p>","protected":false},"author":1,"featured_media":0,"parent":0,"menu_order":0,"comment_status":"closed","ping_status":"closed","template":"","meta":{"_uag_custom_page_level_css":"","site-sidebar-layout":"no-sidebar","site-content-layout":"page-builder","ast-site-content-layout":"full-width-container","site-content-style":"unboxed","site-sidebar-style":"unboxed","ast-global-header-display":"","ast-banner-title-visibility":"","ast-main-header-display":"","ast-hfb-above-header-display":"","ast-hfb-below-header-display":"","ast-hfb-mobile-header-display":"","site-post-title":"disabled","ast-breadcrumbs-content":"","ast-featured-img":"disabled","footer-sml-layout":"","theme-transparent-header-meta":"enabled","adv-header-id-meta":"","stick-header-meta":"","header-above-stick-meta":"","header-main-stick-meta":"","header-below-stick-meta":"","astra-migrate-meta-layouts":"set","ast-page-background-enabled":"default","ast-page-background-meta":{"desktop":{"background-color":"","background-image":"","background-repeat":"repeat","background-position":"center center","background-size":"auto","background-attachment":"scroll","background-type":"","background-media":"","overlay-type":"","overlay-color":"","overlay-opacity":"","overlay-gradient":""},"tablet":{"background-color":"","background-image":"","background-repeat":"repeat","background-position":"center center","background-size":"auto","background-attachment":"scroll","background-type":"","background-media":"","overlay-type":"","overlay-color":"","overlay-opacity":"","overlay-gradient":""},"mobile":{"background-color":"","background-image":"","background-repeat":"repeat","background-position":"center center","background-size":"auto","background-attachment":"scroll","background-type":"","background-media":"","overlay-type":"","overlay-color":"","overlay-opacity":"","overlay-gradient":""}},"ast-content-background-meta":{"desktop":{"background-color":"var(--ast-global-color-5)","background-image":"","background-repeat":"repeat","background-position":"center center","background-size":"auto","background-attachment":"scroll","background-type":"","background-media":"","overlay-type":"","overlay-color":"","overlay-opacity":"","overlay-gradient":""},"tablet":{"background-color":"var(--ast-global-color-5)","background-image":"","background-repeat":"repeat","background-position":"center center","background-size":"auto","background-attachment":"scroll","background-type":"","background-media":"","overlay-type":"","overlay-color":"","overlay-opacity":"","overlay-gradient":""},"mobile":{"background-color":"var(--ast-global-color-5)","background-image":"","background-repeat":"repeat","background-position":"center center","background-size":"auto","background-attachment":"scroll","background-type":"","background-media":"","overlay-type":"","overlay-color":"","overlay-opacity":"","overlay-gradient":""}},"footnotes":""},"class_list":["post-1490","page","type-page","status-publish","hentry"],"uagb_featured_image_src":{"full":false,"thumbnail":false,"medium":false,"medium_large":false,"large":false,"1536x1536":false,"2048x2048":false,"trp-custom-language-flag":false},"uagb_author_info":{"display_name":"admin","author_link":"https:\/\/j-energy.al\/sq\/author\/admin\/"},"uagb_comment_info":0,"uagb_excerpt":"Why J-Energy Choosing J-ENERGY means choosing a company committed to sustainability, reliability, and client satisfaction. Our solutions, powered by cutting-edge technology, enable you to reduce costs by increasing stability and safety, with minimal environmental impact. We pride ourselves on offering end-to-end services, from initial consultations to project implementation and maintenance. With a focus on building&hellip;","_links":{"self":[{"href":"https:\/\/j-energy.al\/sq\/wp-json\/wp\/v2\/pages\/1490","targetHints":{"allow":["GET"]}}],"collection":[{"href":"https:\/\/j-energy.al\/sq\/wp-json\/wp\/v2\/pages"}],"about":[{"href":"https:\/\/j-energy.al\/sq\/wp-json\/wp\/v2\/types\/page"}],"author":[{"embeddable":true,"href":"https:\/\/j-energy.al\/sq\/wp-json\/wp\/v2\/users\/1"}],"replies":[{"embeddable":true,"href":"https:\/\/j-energy.al\/sq\/wp-json\/wp\/v2\/comments?post=1490"}],"version-history":[{"count":35,"href":"https:\/\/j-energy.al\/sq\/wp-json\/wp\/v2\/pages\/1490\/revisions"}],"predecessor-version":[{"id":2616,"href":"https:\/\/j-energy.al\/sq\/wp-json\/wp\/v2\/pages\/1490\/revisions\/2616"}],"wp:attachment":[{"href":"https:\/\/j-energy.al\/sq\/wp-json\/wp\/v2\/media?parent=1490"}],"curies":[{"name":"wp","href":"https:\/\/api.w.org\/{rel}","templated":true}]}}