{"id":1488,"date":"2024-11-05T12:23:02","date_gmt":"2024-11-05T12:23:02","guid":{"rendered":"https:\/\/j-energy.al\/home-2\/"},"modified":"2024-11-18T15:58:34","modified_gmt":"2024-11-18T15:58:34","slug":"home-2","status":"publish","type":"page","link":"https:\/\/j-energy.al\/sq\/","title":{"rendered":"Kreu"},"content":{"rendered":"<div class=\"wp-block-uagb-container uagb-block-0510ccec alignfull uagb-is-root-container\"><div class=\"uagb-container__video-wrap\"><video autoplay loop muted playsinline><source src=\"https:\/\/j-energy.al\/wp-content\/uploads\/2024\/11\/159678-819389843.mp4\" type=\"video\/mp4\"\/><\/video><\/div><div class=\"uagb-container-inner-blocks-wrap\">\n<div class=\"wp-block-uagb-container uagb-block-5cb4b1bf\">\n<div class=\"wp-block-uagb-info-box uagb-block-7368a642 uagb-infobox__content-wrap  uagb-infobox-icon-above-title uagb-infobox-image-valign-top\"><div class=\"uagb-ifb-content\"><div class=\"uagb-ifb-title-wrap\"><h4 class=\"uagb-ifb-title-prefix\">Eksperienc\u00eb mbi 10-vje\u00e7are n\u00eb sektorin energjitik<\/h4><h1 class=\"uagb-ifb-title\">Infrastruktur\u00eb e sigurt\u00eb, e ardhme e q\u00ebndrueshme<\/h1><\/div><p class=\"uagb-ifb-desc\">Lider n\u00eb zgjidhjet e q\u00ebndrueshme t\u00eb energjis\u00eb dhe \u00e7ertifikimeve teknike, partner i besuesh\u00ebm p\u00ebr bizneset q\u00eb k\u00ebrkojn\u00eb siguri dhe p\u00ebrgjegj\u00ebsi mjedisore.<\/p><div class=\"uagb-ifb-button-wrapper wp-block-button\"><a href=\"\/sq\/about\/\" class=\"uagb-infobox-cta-link wp-block-button__link\" target=\"_self\" rel=\"noopener noreferrer\" onclick=\"return true;\"><span class=\"uagb-inline-editing\">M\u00eb Shum\u00eb<\/span><\/a><\/div><\/div><\/div>\n<\/div>\n<\/div><\/div>\n\n\n\n<div class=\"wp-block-uagb-container uagb-block-7b830887 alignfull uagb-is-root-container\"><div class=\"uagb-container-inner-blocks-wrap\">\n<div class=\"wp-block-uagb-advanced-heading uagb-block-c4252b01\"><h2 class=\"uagb-heading-text\">Sh\u00ebrbimet q\u00eb Ofrojm\u00eb<\/h2><p class=\"uagb-desc-text\">Ne jemi t\u00eb specializuar n\u00eb energjin\u00eb e rinovueshme dhe infrastruktur\u00eb t\u00eb q\u00ebndrueshme, duke ofruar sh\u00ebrbime t\u00eb besueshme, t\u00eb p\u00ebrshtatura, t\u00eb mb\u00ebshtetura nga nj\u00eb ekip inxhinierik me shum\u00eb p\u00ebrvoj\u00eb.<\/p><\/div>\n\n\n\n<div class=\"wp-block-uagb-container uagb-block-4d4d48d6\">\n<div class=\"wp-block-uagb-container uagb-block-e35a1fde\">\n<div class=\"wp-block-uagb-info-box uagb-block-318f4bee uagb-infobox__content-wrap  uagb-infobox-icon-above-title uagb-infobox-image-valign-top\"><div class=\"uagb-ifb-content\"><div class=\"uagb-ifb-icon-wrap\"><svg xmlns=\"https:\/\/www.w3.org\/2000\/svg\" viewbox=\"0 0 512 512\"><path d=\"M331.8 224.1c28.29 0 54.88 10.99 74.86 30.97l19.59 19.59c40.01-17.74 71.25-53.3 81.62-96.65c5.725-23.92 5.34-47.08 .2148-68.4c-2.613-10.88-16.43-14.51-24.34-6.604l-68.9 68.9h-75.6V97.2l68.9-68.9c7.912-7.912 4.275-21.73-6.604-24.34c-21.32-5.125-44.48-5.51-68.4 .2148c-55.3 13.23-98.39 60.22-107.2 116.4C224.5 128.9 224.2 137 224.3 145l82.78 82.86C315.2 225.1 323.5 224.1 331.8 224.1zM384 278.6c-23.16-23.16-57.57-27.57-85.39-13.9L191.1 158L191.1 95.99l-127.1-95.99L0 63.1l96 127.1l62.04 .0077l106.7 106.6c-13.67 27.82-9.251 62.23 13.91 85.39l117 117.1c14.62 14.5 38.21 14.5 52.71-.0016l52.75-52.75c14.5-14.5 14.5-38.08-.0016-52.71L384 278.6zM227.9 307L168.7 247.9l-148.9 148.9c-26.37 26.37-26.37 69.08 0 95.45C32.96 505.4 50.21 512 67.5 512s34.54-6.592 47.72-19.78l119.1-119.1C225.5 352.3 222.6 329.4 227.9 307zM64 472c-13.25 0-24-10.75-24-24c0-13.26 10.75-24 24-24S88 434.7 88 448C88 461.3 77.25 472 64 472z\"><\/path><\/svg><\/div><div class=\"uagb-ifb-title-wrap\"><h4 class=\"uagb-ifb-title\"><strong>Inspektime Teknike<\/strong><\/h4><\/div><p class=\"uagb-ifb-desc\">Inspektime teknike gjith\u00ebp\u00ebrfshir\u00ebse p\u00ebr t\u00eb garantuar sigurin\u00eb, besueshm\u00ebrin\u00eb dhe pajtueshm\u00ebrin\u00eb n\u00eb t\u00eb gjith\u00eb infrastruktur\u00ebn kritike.<\/p><\/div><\/div>\n<\/div>\n\n\n\n<div class=\"wp-block-uagb-container uagb-block-f0fb8981\">\n<div class=\"wp-block-uagb-info-box uagb-block-c2361e87 uagb-infobox__content-wrap  uagb-infobox-icon-above-title uagb-infobox-image-valign-top\"><div class=\"uagb-ifb-content\"><div class=\"uagb-ifb-icon-wrap\"><svg xmlns=\"https:\/\/www.w3.org\/2000\/svg\" viewbox=\"0 0 640 512\"><path d=\"M575.4 25.72C572.4 10.78 559.2 0 543.1 0H96c-15.25 0-28.39 10.78-31.38 25.72l-63.1 320c-1.891 9.406 .5469 19.16 6.625 26.56S22.41 384 32 384h255.1v64.25H239.8c-26.26 0-47.75 21.49-47.75 47.75c0 8.844 7.168 16.01 16.01 16l223.1-.1667c8.828-.0098 15.99-7.17 15.99-16C447.1 469.5 426.6 448 400.2 448h-48.28v-64h256c9.594 0 18.67-4.312 24.75-11.72s8.516-17.16 6.625-26.56L575.4 25.72zM517.8 64l19.2 96h-97.98L429.2 64H517.8zM380.1 64l9.617 96H250l9.873-96H380.1zM210.8 64L201 160H103.1l19.18-96H210.8zM71.16 320l22.28-112h102.7L184.6 320H71.16zM233.8 320l11.37-112h149.7L406.2 320H233.8zM455.4 320l-11.5-112h102.7l22.28 112H455.4z\"><\/path><\/svg><\/div><div class=\"uagb-ifb-title-wrap\"><h4 class=\"uagb-ifb-title\"><strong><strong><strong>Impiante Fotovoltaike<\/strong><\/strong><\/strong><\/h4><\/div><p class=\"uagb-ifb-desc\">E specializuar n\u00eb zhvillimin e zgjidhjeve t\u00eb energjis\u00eb s\u00eb rinovueshme, J-ENERGY udh\u00ebheq nd\u00ebrtimin dhe menaxhimin e impianteve fotovoltaike.<\/p><\/div><\/div>\n<\/div>\n\n\n\n<div class=\"wp-block-uagb-container uagb-block-fb564294\">\n<div class=\"wp-block-uagb-info-box uagb-block-0a431fb6 uagb-infobox__content-wrap  uagb-infobox-icon-above-title uagb-infobox-image-valign-top\"><div class=\"uagb-ifb-content\"><div class=\"uagb-ifb-icon-wrap\"><svg xmlns=\"https:\/\/www.w3.org\/2000\/svg\" viewbox=\"0 0 640 512\"><path d=\"M400 0C426.5 0 448 21.49 448 48V144C448 170.5 426.5 192 400 192H352V224H608C625.7 224 640 238.3 640 256C640 273.7 625.7 288 608 288H512V320H560C586.5 320 608 341.5 608 368V464C608 490.5 586.5 512 560 512H400C373.5 512 352 490.5 352 464V368C352 341.5 373.5 320 400 320H448V288H192V320H240C266.5 320 288 341.5 288 368V464C288 490.5 266.5 512 240 512H80C53.49 512 32 490.5 32 464V368C32 341.5 53.49 320 80 320H128V288H32C14.33 288 0 273.7 0 256C0 238.3 14.33 224 32 224H288V192H240C213.5 192 192 170.5 192 144V48C192 21.49 213.5 0 240 0H400zM256 64V128H384V64H256zM224 448V384H96V448H224zM416 384V448H544V384H416z\"><\/path><\/svg><\/div><div class=\"uagb-ifb-title-wrap\"><h4 class=\"uagb-ifb-title\"><strong><strong><strong><strong><strong>Mirmbajtje dhe Optimizim Rrjeti<\/strong><\/strong><\/strong><\/strong><\/strong><\/h4><\/div><p class=\"uagb-ifb-desc\">Sh\u00ebrbime t\u00eb specializuara n\u00eb optimizimin e rrjetit t\u00eb shp\u00ebrndarjes dhe rritjen e efikasitetit p\u00ebr t\u00eb p\u00ebrballuar ngarkesat n\u00eb rritje<\/p><\/div><\/div>\n<\/div>\n\n\n\n<div class=\"wp-block-uagb-container uagb-block-44e897c5\">\n<div class=\"wp-block-uagb-info-box uagb-block-aab0c17a uagb-infobox__content-wrap  uagb-infobox-icon-above-title uagb-infobox-image-valign-top\"><div class=\"uagb-ifb-content\"><div class=\"uagb-ifb-icon-wrap\"><svg xmlns=\"https:\/\/www.w3.org\/2000\/svg\" viewbox=\"0 0 576 512\"><path d=\"M96 0C113.7 0 128 14.33 128 32V128H64V32C64 14.33 78.33 0 96 0zM288 0C305.7 0 320 14.33 320 32V128H256V32C256 14.33 270.3 0 288 0zM352 160C369.7 160 384 174.3 384 192C384 194.3 383.7 196.6 383.3 198.8C309.8 219.1 256 287.7 256 368C256 379.4 257.1 390.5 259.1 401.3C248.1 406.4 236.3 410.3 224 412.8V512H160V412.8C86.97 397.1 32 333.4 32 256V224C14.33 224 0 209.7 0 192C0 174.3 14.33 160 32 160H352zM288 368C288 288.5 352.5 224 432 224C511.5 224 576 288.5 576 368C576 447.5 511.5 512 432 512C352.5 512 288 447.5 288 368zM464.8 286.4L368.8 358.4C364.7 361.5 362.1 366.9 364.6 371.8C366.2 376.7 370.8 380 376 380H411.6L381.5 434.2C378.8 439.1 379.8 445.3 384.1 449C388.4 452.8 394.7 452.1 399.2 449.6L495.2 377.6C499.3 374.5 501 369.1 499.4 364.2C497.8 359.3 493.2 356 488 356H452.4L482.5 301.8C485.2 296.9 484.2 290.7 479.9 286.1C475.6 283.2 469.3 283 464.8 286.4V286.4z\"><\/path><\/svg><\/div><div class=\"uagb-ifb-title-wrap\"><h4 class=\"uagb-ifb-title\"><strong><strong><strong><strong><strong>Prodhim &amp; Furnizim me Energji<\/strong><\/strong><\/strong><\/strong><\/strong><\/h4><\/div><p class=\"uagb-ifb-desc\">Prodhimi i energjis\u00eb s\u00eb rinovueshme dhe zgjidhjet e p\u00ebrshtatura t\u00eb furnizimit p\u00ebr klient\u00ebt e tensionit t\u00eb lart\u00eb dhe t\u00eb mes\u00ebm.<\/p><\/div><\/div>\n<\/div>\n\n\n\n<div class=\"wp-block-uagb-container uagb-block-6ecad6e4\">\n<div class=\"wp-block-uagb-info-box uagb-block-1e58973e uagb-infobox__content-wrap  uagb-infobox-icon-above-title uagb-infobox-image-valign-top\"><div class=\"uagb-ifb-content\"><div class=\"uagb-ifb-icon-wrap\"><svg xmlns=\"https:\/\/www.w3.org\/2000\/svg\" viewbox=\"0 0 384 512\"><path d=\"M381.2 172.8C377.1 164.9 368.9 160 360 160h-156.6l50.84-127.1c2.969-7.375 2.062-15.78-2.406-22.38S239.1 0 232 0h-176C43.97 0 33.81 8.906 32.22 20.84l-32 240C-.7179 267.7 1.376 274.6 5.938 279.8C10.5 285 17.09 288 24 288h146.3l-41.78 194.1c-2.406 11.22 3.469 22.56 14 27.09C145.6 511.4 148.8 512 152 512c7.719 0 15.22-3.75 19.81-10.44l208-304C384.8 190.2 385.4 180.7 381.2 172.8z\"><\/path><\/svg><\/div><div class=\"uagb-ifb-title-wrap\"><h4 class=\"uagb-ifb-title\"><strong><strong>Projektim dhe Zbatim<\/strong><\/strong><\/h4><\/div><p class=\"uagb-ifb-desc\">Ekipi yn\u00eb inxhinierik \u00ebsht\u00eb i specializuar n\u00eb hartimin dhe zhvillimin e projekteve elektrike q\u00eb plot\u00ebsojn\u00eb standardet rregullatore dhe specifike t\u00eb klientit.<\/p><\/div><\/div>\n<\/div>\n\n\n\n<div class=\"wp-block-uagb-container uagb-block-a021c308\">\n<div class=\"wp-block-uagb-info-box uagb-block-ddf22a23 uagb-infobox__content-wrap  uagb-infobox-icon-above-title uagb-infobox-image-valign-top\"><div class=\"uagb-ifb-content\"><div class=\"uagb-ifb-icon-wrap\"><svg xmlns=\"https:\/\/www.w3.org\/2000\/svg\" viewbox=\"0 0 640 512\"><path d=\"M224 256c70.7 0 128-57.31 128-128S294.7 0 224 0C153.3 0 96 57.31 96 128S153.3 256 224 256zM274.7 304H173.3C77.61 304 0 381.6 0 477.3C0 496.5 15.52 512 34.66 512h378.7C432.5 512 448 496.5 448 477.3C448 381.6 370.4 304 274.7 304zM616 200h-48v-48C568 138.8 557.3 128 544 128s-24 10.75-24 24v48h-48C458.8 200 448 210.8 448 224s10.75 24 24 24h48v48C520 309.3 530.8 320 544 320s24-10.75 24-24v-48h48C629.3 248 640 237.3 640 224S629.3 200 616 200z\"><\/path><\/svg><\/div><div class=\"uagb-ifb-title-wrap\"><h4 class=\"uagb-ifb-title\">Konsulenc\u00eb Teknike<\/h4><\/div><p class=\"uagb-ifb-desc\">Sh\u00ebrbime konsulence ekspert\u00ebsh n\u00eb fushat e zhvillimit t\u00eb centraleve prodhuese, linjave t\u00eb transmetimit dhe menaxhimit t\u00eb rrjetit t\u00eb shp\u00ebrndarjes.<\/p><\/div><\/div>\n<\/div>\n<\/div>\n<\/div><\/div>\n\n\n\n<div class=\"wp-block-uagb-container uagb-block-4bf68d2c alignfull uagb-is-root-container\"><div class=\"uagb-container-inner-blocks-wrap\">\n<div class=\"wp-block-uagb-advanced-heading uagb-block-3f15a6cb\"><h2 class=\"uagb-heading-text\">Disa Projekte<\/h2><p class=\"uagb-desc-text\">Projektet tona p\u00ebrfaq\u00ebsojn\u00eb p\u00ebrkushtimin ton\u00eb p\u00ebr inovacion, q\u00ebndrueshm\u00ebri dhe efikasitet, duke ofruar zgjidhje t\u00eb besueshme energjitike.<\/p><\/div>\n\n\n\n<div class=\"wp-block-uagb-container uagb-block-08b23a9b\">\n<div class=\"wp-block-uagb-image uagb-block-a7c3c2df wp-block-uagb-image--layout-default wp-block-uagb-image--effect-static wp-block-uagb-image--align-none\"><figure class=\"wp-block-uagb-image__figure\"><img decoding=\"async\" srcset=\"https:\/\/j-energy.al\/wp-content\/uploads\/2024\/11\/1663204925782883-1-1024x675.jpg ,https:\/\/j-energy.al\/wp-content\/uploads\/2024\/11\/1663204925782883-1.jpg 780w, https:\/\/j-energy.al\/wp-content\/uploads\/2024\/11\/1663204925782883-1.jpg 360w\" sizes=\"auto, (max-width: 480px) 150px\" src=\"https:\/\/j-energy.al\/wp-content\/uploads\/2024\/11\/1663204925782883-1-1024x675.jpg\" alt=\"\" class=\"uag-image-2548\" width=\"625\" height=\"625\" title=\"1663204925782883 (1)\" loading=\"lazy\" role=\"img\"\/><\/figure><\/div>\n\n\n\n<div class=\"wp-block-uagb-image uagb-block-1e3c49d5 wp-block-uagb-image--layout-default wp-block-uagb-image--effect-static wp-block-uagb-image--align-none\"><figure class=\"wp-block-uagb-image__figure\"><img decoding=\"async\" srcset=\"https:\/\/j-energy.al\/wp-content\/uploads\/2024\/11\/pexels-william-mead-106275-6040783-1024x768.jpg ,https:\/\/j-energy.al\/wp-content\/uploads\/2024\/11\/pexels-william-mead-106275-6040783-scaled.jpg 780w, https:\/\/j-energy.al\/wp-content\/uploads\/2024\/11\/pexels-william-mead-106275-6040783-scaled.jpg 360w\" sizes=\"auto, (max-width: 480px) 150px\" src=\"https:\/\/j-energy.al\/wp-content\/uploads\/2024\/11\/pexels-william-mead-106275-6040783-1024x768.jpg\" alt=\"\" class=\"uag-image-14\" width=\"625\" height=\"625\" title=\"pexels-william-mead-106275-6040783\" loading=\"lazy\" role=\"img\"\/><\/figure><\/div>\n\n\n\n<div class=\"wp-block-uagb-image uagb-block-bc4f23dd wp-block-uagb-image--layout-default wp-block-uagb-image--effect-static wp-block-uagb-image--align-none\"><figure class=\"wp-block-uagb-image__figure\"><img decoding=\"async\" srcset=\"https:\/\/j-energy.al\/wp-content\/uploads\/2024\/11\/vecteezy_electric-tester-multimeter_1906796-1024x710.jpg ,https:\/\/j-energy.al\/wp-content\/uploads\/2024\/11\/vecteezy_electric-tester-multimeter_1906796-scaled.jpg 780w, https:\/\/j-energy.al\/wp-content\/uploads\/2024\/11\/vecteezy_electric-tester-multimeter_1906796-scaled.jpg 360w\" sizes=\"auto, (max-width: 480px) 150px\" src=\"https:\/\/j-energy.al\/wp-content\/uploads\/2024\/11\/vecteezy_electric-tester-multimeter_1906796-1024x710.jpg\" alt=\"\" class=\"uag-image-9\" width=\"625\" height=\"625\" title=\"vecteezy_electric-tester-multimeter_1906796\" loading=\"lazy\" role=\"img\"\/><\/figure><\/div>\n\n\n\n<div class=\"wp-block-uagb-image uagb-block-11fffcd0 wp-block-uagb-image--layout-default wp-block-uagb-image--effect-static wp-block-uagb-image--align-none\"><figure class=\"wp-block-uagb-image__figure\"><img decoding=\"async\" srcset=\"https:\/\/j-energy.al\/wp-content\/uploads\/2024\/11\/pexels-enric-cruz-lopez-9989522-1024x683.jpg ,https:\/\/j-energy.al\/wp-content\/uploads\/2024\/11\/pexels-enric-cruz-lopez-9989522-scaled.jpg 780w, https:\/\/j-energy.al\/wp-content\/uploads\/2024\/11\/pexels-enric-cruz-lopez-9989522-scaled.jpg 360w\" sizes=\"auto, (max-width: 480px) 150px\" src=\"https:\/\/j-energy.al\/wp-content\/uploads\/2024\/11\/pexels-enric-cruz-lopez-9989522-1024x683.jpg\" alt=\"\" class=\"uag-image-15\" width=\"625\" height=\"625\" title=\"pexels-enric-cruz-lopez-9989522\" loading=\"lazy\" role=\"img\"\/><\/figure><\/div>\n<\/div>\n\n\n\n<div class=\"wp-block-uagb-buttons uagb-buttons__outer-wrap uagb-btn__default-btn uagb-btn-tablet__default-btn uagb-btn-mobile__default-btn uagb-block-77a31664\"><div class=\"uagb-buttons__wrap uagb-buttons-layout-wrap\">\n<div class=\"wp-block-uagb-buttons-child uagb-buttons__outer-wrap uagb-block-cc514627 wp-block-button\"><div class=\"uagb-button__wrapper\"><a class=\"uagb-buttons-repeater wp-block-button__link\" aria-label=\"\" href=\"\/sq\/projects\/\" rel=\"follow noopener\" target=\"_self\" role=\"button\"><div class=\"uagb-button__link\">Zbulo m\u00eb Shum\u00eb<\/div><\/a><\/div><\/div>\n<\/div><\/div>\n\n\n\n<div class=\"wp-block-uagb-advanced-heading uagb-block-75815616\"><h2 class=\"uagb-heading-text\">Partner\u00ebt Tan\u00eb<\/h2><p class=\"uagb-desc-text\">S\u00eb bashku, k\u00ebto partneritete rrisin aft\u00ebsin\u00eb ton\u00eb p\u00ebr t\u00eb ofruar zgjidhje teknike me cil\u00ebsi t\u00eb lart\u00eb, efikase dhe t\u00eb sigurta.<\/p><\/div>\n<\/div><\/div>\n\n\n\n<div class=\"wp-block-uagb-container uagb-block-3b905f6b alignfull uagb-is-root-container\"><div class=\"uagb-container-inner-blocks-wrap\">\n<div class=\"wp-block-uagb-container uagb-block-3150e9a9\">\n<div class=\"wp-block-uagb-image aligncenter uagb-block-029404d8 wp-block-uagb-image--layout-default wp-block-uagb-image--effect-static wp-block-uagb-image--align-center\"><figure class=\"wp-block-uagb-image__figure\"><img decoding=\"async\" srcset=\"https:\/\/j-energy.al\/wp-content\/uploads\/2024\/11\/jaK0NbdQCw7qUzEHPjUg_megger_logo-1024x1024.png ,https:\/\/j-energy.al\/wp-content\/uploads\/2024\/11\/jaK0NbdQCw7qUzEHPjUg_megger_logo.png 780w, https:\/\/j-energy.al\/wp-content\/uploads\/2024\/11\/jaK0NbdQCw7qUzEHPjUg_megger_logo.png 360w\" sizes=\"auto, (max-width: 480px) 150px\" src=\"https:\/\/j-energy.al\/wp-content\/uploads\/2024\/11\/jaK0NbdQCw7qUzEHPjUg_megger_logo-1024x1024.png\" alt=\"\" class=\"uag-image-2435\" width=\"160\" height=\"160\" title=\"jaK0NbdQCw7qUzEHPjUg_megger_logo\" loading=\"lazy\" role=\"img\"\/><\/figure><\/div>\n<\/div>\n\n\n\n<div class=\"wp-block-uagb-container uagb-block-43f7edea\">\n<div class=\"wp-block-uagb-image aligncenter uagb-block-fc8762de wp-block-uagb-image--layout-default wp-block-uagb-image--effect-static wp-block-uagb-image--align-center\"><figure class=\"wp-block-uagb-image__figure\"><img decoding=\"async\" srcset=\"https:\/\/j-energy.al\/wp-content\/uploads\/2024\/11\/SebaWebLogo.png ,https:\/\/j-energy.al\/wp-content\/uploads\/2024\/11\/SebaWebLogo.png 780w, https:\/\/j-energy.al\/wp-content\/uploads\/2024\/11\/SebaWebLogo.png 360w\" sizes=\"auto, (max-width: 480px) 150px\" src=\"https:\/\/j-energy.al\/wp-content\/uploads\/2024\/11\/SebaWebLogo.png\" alt=\"\" class=\"uag-image-2437\" width=\"160\" height=\"160\" title=\"SebaWebLogo\" loading=\"lazy\" role=\"img\"\/><\/figure><\/div>\n<\/div>\n\n\n\n<div class=\"wp-block-uagb-container uagb-block-5c547ba7\">\n<div class=\"wp-block-uagb-image aligncenter uagb-block-466c8c26 wp-block-uagb-image--layout-default wp-block-uagb-image--effect-static wp-block-uagb-image--align-center\"><figure class=\"wp-block-uagb-image__figure\"><img decoding=\"async\" srcset=\"https:\/\/j-energy.al\/wp-content\/uploads\/2024\/11\/brand-vivax-metrotech_1655206884__70685.webp ,https:\/\/j-energy.al\/wp-content\/uploads\/2024\/11\/brand-vivax-metrotech_1655206884__70685.webp 780w, https:\/\/j-energy.al\/wp-content\/uploads\/2024\/11\/brand-vivax-metrotech_1655206884__70685.webp 360w\" sizes=\"auto, (max-width: 480px) 150px\" src=\"https:\/\/j-energy.al\/wp-content\/uploads\/2024\/11\/brand-vivax-metrotech_1655206884__70685.webp\" alt=\"\" class=\"uag-image-2438\" width=\"160\" height=\"160\" title=\"brand-vivax-metrotech_1655206884__70685\" loading=\"lazy\" role=\"img\"\/><\/figure><\/div>\n<\/div>\n\n\n\n<div class=\"wp-block-uagb-container uagb-block-ab837842\">\n<div class=\"wp-block-uagb-image aligncenter uagb-block-080eb598 wp-block-uagb-image--layout-default wp-block-uagb-image--effect-static wp-block-uagb-image--align-center\"><figure class=\"wp-block-uagb-image__figure\"><img decoding=\"async\" srcset=\"https:\/\/j-energy.al\/wp-content\/uploads\/2024\/11\/AVO_LOGO_WEBI.png ,https:\/\/j-energy.al\/wp-content\/uploads\/2024\/11\/AVO_LOGO_WEBI.png 780w, https:\/\/j-energy.al\/wp-content\/uploads\/2024\/11\/AVO_LOGO_WEBI.png 360w\" sizes=\"auto, (max-width: 480px) 150px\" src=\"https:\/\/j-energy.al\/wp-content\/uploads\/2024\/11\/AVO_LOGO_WEBI.png\" alt=\"\" class=\"uag-image-2440\" width=\"160\" height=\"160\" title=\"AVO_LOGO_WEBI\" loading=\"lazy\" role=\"img\"\/><\/figure><\/div>\n<\/div>\n<\/div><\/div>\n\n\n\n<div class=\"wp-block-uagb-container uagb-block-dbe96949 alignfull uagb-is-root-container\"><div class=\"uagb-container-inner-blocks-wrap\"><\/div><\/div>\n\n\n\n<div class=\"wp-block-uagb-container uagb-block-b997312a alignfull uagb-is-root-container\"><div class=\"uagb-container-inner-blocks-wrap\">\n<div class=\"wp-block-uagb-container uagb-layout-grid uagb-block-005fba1f\">\n<div class=\"wp-block-uagb-advanced-heading uagb-block-12865cae\"><h3 class=\"uagb-heading-text\">K\u00ebrkoni partnerin e besuesh\u00ebm p\u00ebr projektin tuaj?<\/h3><p class=\"uagb-desc-text\">Kontaktoni J-ENERGY p\u00ebr udh\u00ebzime t\u00eb ekspert\u00ebve, teknologji t\u00eb avancuar dhe zgjidhje t\u00eb q\u00ebndrueshme t\u00eb p\u00ebrshtatura p\u00ebr nevojat tuaja.<\/p><\/div>\n\n\n\n<div class=\"wp-block-uagb-buttons uagb-buttons__outer-wrap uagb-btn__default-btn uagb-btn-tablet__default-btn uagb-btn-mobile__default-btn uagb-block-2c953428\"><div class=\"uagb-buttons__wrap uagb-buttons-layout-wrap\">\n<div class=\"wp-block-uagb-buttons-child uagb-buttons__outer-wrap uagb-block-8bb4b826 wp-block-button\"><div class=\"uagb-button__wrapper\"><a class=\"uagb-buttons-repeater wp-block-button__link\" aria-label=\"\" href=\"#\" rel=\"follow noopener\" target=\"_self\" role=\"button\"><div class=\"uagb-button__link\">Na Telefononi Tani<\/div><\/a><\/div><\/div>\n<\/div><\/div>\n<\/div>\n<\/div><\/div>","protected":false},"excerpt":{"rendered":"<p>Services We Offer We specialize in renewable energy, and sustainable infrastructure, offering reliable, tailored services backed by a highly experienced engineering team. Projects\u200b Our projects highlight our commitment to innovation, sustainability, and efficiency, delivering reliable energy solutions tailored to diverse client needs across the region. Our Partners\u200b Together, these partnerships enhance our ability to deliver [&hellip;]<\/p>","protected":false},"author":1,"featured_media":0,"parent":0,"menu_order":0,"comment_status":"closed","ping_status":"closed","template":"","meta":{"_uag_custom_page_level_css":"","site-sidebar-layout":"no-sidebar","site-content-layout":"page-builder","ast-site-content-layout":"full-width-container","site-content-style":"unboxed","site-sidebar-style":"unboxed","ast-global-header-display":"","ast-banner-title-visibility":"","ast-main-header-display":"","ast-hfb-above-header-display":"","ast-hfb-below-header-display":"","ast-hfb-mobile-header-display":"","site-post-title":"disabled","ast-breadcrumbs-content":"","ast-featured-img":"disabled","footer-sml-layout":"","theme-transparent-header-meta":"enabled","adv-header-id-meta":"","stick-header-meta":"","header-above-stick-meta":"","header-main-stick-meta":"","header-below-stick-meta":"","astra-migrate-meta-layouts":"set","ast-page-background-enabled":"default","ast-page-background-meta":{"desktop":{"background-color":"","background-image":"","background-repeat":"repeat","background-position":"center center","background-size":"auto","background-attachment":"scroll","background-type":"","background-media":"","overlay-type":"","overlay-color":"","overlay-opacity":"","overlay-gradient":""},"tablet":{"background-color":"","background-image":"","background-repeat":"repeat","background-position":"center center","background-size":"auto","background-attachment":"scroll","background-type":"","background-media":"","overlay-type":"","overlay-color":"","overlay-opacity":"","overlay-gradient":""},"mobile":{"background-color":"","background-image":"","background-repeat":"repeat","background-position":"center center","background-size":"auto","background-attachment":"scroll","background-type":"","background-media":"","overlay-type":"","overlay-color":"","overlay-opacity":"","overlay-gradient":""}},"ast-content-background-meta":{"desktop":{"background-color":"var(--ast-global-color-5)","background-image":"","background-repeat":"repeat","background-position":"center center","background-size":"auto","background-attachment":"scroll","background-type":"","background-media":"","overlay-type":"","overlay-color":"","overlay-opacity":"","overlay-gradient":""},"tablet":{"background-color":"var(--ast-global-color-5)","background-image":"","background-repeat":"repeat","background-position":"center center","background-size":"auto","background-attachment":"scroll","background-type":"","background-media":"","overlay-type":"","overlay-color":"","overlay-opacity":"","overlay-gradient":""},"mobile":{"background-color":"var(--ast-global-color-5)","background-image":"","background-repeat":"repeat","background-position":"center center","background-size":"auto","background-attachment":"scroll","background-type":"","background-media":"","overlay-type":"","overlay-color":"","overlay-opacity":"","overlay-gradient":""}},"footnotes":""},"class_list":["post-1488","page","type-page","status-publish","hentry"],"uagb_featured_image_src":{"full":false,"thumbnail":false,"medium":false,"medium_large":false,"large":false,"1536x1536":false,"2048x2048":false,"trp-custom-language-flag":false},"uagb_author_info":{"display_name":"admin","author_link":"https:\/\/j-energy.al\/sq\/author\/admin\/"},"uagb_comment_info":0,"uagb_excerpt":"Services We Offer We specialize in renewable energy, and sustainable infrastructure, offering reliable, tailored services backed by a highly experienced engineering team. Projects\u200b Our projects highlight our commitment to innovation, sustainability, and efficiency, delivering reliable energy solutions tailored to diverse client needs across the region. Our Partners\u200b Together, these partnerships enhance our ability to deliver&hellip;","_links":{"self":[{"href":"https:\/\/j-energy.al\/sq\/wp-json\/wp\/v2\/pages\/1488","targetHints":{"allow":["GET"]}}],"collection":[{"href":"https:\/\/j-energy.al\/sq\/wp-json\/wp\/v2\/pages"}],"about":[{"href":"https:\/\/j-energy.al\/sq\/wp-json\/wp\/v2\/types\/page"}],"author":[{"embeddable":true,"href":"https:\/\/j-energy.al\/sq\/wp-json\/wp\/v2\/users\/1"}],"replies":[{"embeddable":true,"href":"https:\/\/j-energy.al\/sq\/wp-json\/wp\/v2\/comments?post=1488"}],"version-history":[{"count":35,"href":"https:\/\/j-energy.al\/sq\/wp-json\/wp\/v2\/pages\/1488\/revisions"}],"predecessor-version":[{"id":2592,"href":"https:\/\/j-energy.al\/sq\/wp-json\/wp\/v2\/pages\/1488\/revisions\/2592"}],"wp:attachment":[{"href":"https:\/\/j-energy.al\/sq\/wp-json\/wp\/v2\/media?parent=1488"}],"curies":[{"name":"wp","href":"https:\/\/api.w.org\/{rel}","templated":true}]}}